{"id":5393,"date":"2021-03-13T09:00:57","date_gmt":"2021-03-13T08:00:57","guid":{"rendered":"https:\/\/www.sailservice.it\/shop\/?post_type=product&#038;p=5393"},"modified":"2025-02-17T10:55:42","modified_gmt":"2025-02-17T09:55:42","slug":"bozzello-selden-70-mm-singolo-girevole","status":"publish","type":"product","link":"https:\/\/www.sailservice.it\/shop\/prodotto\/bozzello-selden-70-mm-singolo-girevole\/","title":{"rendered":"Bozzello Selden 70 mm-singolo girevole"},"content":{"rendered":"<p>I blocchi di cuscinetti a strisciamento sono tipicamente utilizzati per carichi pesanti e statici in:<\/p>\n<ul>\n<li>Regolazione delle drizze<\/li>\n<li>Sistemi di scotta di randa<\/li>\n<li>Vang del boma<\/li>\n<\/ul>\n<p>Caratteristiche:<\/p>\n<ul>\n<li>Diametro puleggia: 70 mm<\/li>\n<li>Peso: 0,254 kg<\/li>\n<li>Carico di lavoro: 1500 kg<\/li>\n<li>Carico di rottura: 3000 kg<\/li>\n<li>Dimensioni max della scotta: 14 mm<\/li>\n<li>Diametro pin: 6\/8 mm<\/li>\n<\/ul>\n<p>&nbsp;<\/p>\n","protected":false},"excerpt":{"rendered":"<p>Linea 14 mm max, 1500 kg di carico di lavoro, 3000 kg di carico di rottura. Puleggia rinforzata in fibra di vetro con boccola in polimero. Grillo 6\/8 ottimizzato con corpo \u00d86 per una buona compatibilit\u00e0 e perno \u00d88 per un&#8217;alta resistenza alla flessione. Cinghia in acciaio inossidabile per una migliore resistenza e una maggiore durata. Guance rigide rinforzate in fibra di vetro per evitare che le linee si incastrino. Composito rinforzato in fibra di vetro. Meccanismo di bloccaggio girevole scorrevole.<\/p>\n<p><em>Disponibilit\u00e0: Spedizione in 2-4 giorni lavorativi<\/em><\/p>\n","protected":false},"featured_media":5394,"comment_status":"closed","ping_status":"closed","template":"","meta":[],"product_brand":[],"product_cat":[99,268,199],"product_tag":[],"class_list":{"0":"post-5393","1":"product","2":"type-product","3":"status-publish","4":"has-post-thumbnail","6":"product_cat-attrezzatura-per-la-vela","7":"product_cat-free-shipping","8":"product_cat-bozzelli","9":"pa_brand-selden","11":"first","12":"instock","13":"taxable","14":"shipping-taxable","15":"purchasable","16":"product-type-simple","17":"add-to-wishlist-before_image"},"_links":{"self":[{"href":"https:\/\/www.sailservice.it\/shop\/wp-json\/wp\/v2\/product\/5393","targetHints":{"allow":["GET"]}}],"collection":[{"href":"https:\/\/www.sailservice.it\/shop\/wp-json\/wp\/v2\/product"}],"about":[{"href":"https:\/\/www.sailservice.it\/shop\/wp-json\/wp\/v2\/types\/product"}],"replies":[{"embeddable":true,"href":"https:\/\/www.sailservice.it\/shop\/wp-json\/wp\/v2\/comments?post=5393"}],"wp:featuredmedia":[{"embeddable":true,"href":"https:\/\/www.sailservice.it\/shop\/wp-json\/wp\/v2\/media\/5394"}],"wp:attachment":[{"href":"https:\/\/www.sailservice.it\/shop\/wp-json\/wp\/v2\/media?parent=5393"}],"wp:term":[{"taxonomy":"product_brand","embeddable":true,"href":"https:\/\/www.sailservice.it\/shop\/wp-json\/wp\/v2\/product_brand?post=5393"},{"taxonomy":"product_cat","embeddable":true,"href":"https:\/\/www.sailservice.it\/shop\/wp-json\/wp\/v2\/product_cat?post=5393"},{"taxonomy":"product_tag","embeddable":true,"href":"https:\/\/www.sailservice.it\/shop\/wp-json\/wp\/v2\/product_tag?post=5393"}],"curies":[{"name":"wp","href":"https:\/\/api.w.org\/{rel}","templated":true}]}}