{"id":5833,"date":"2021-04-21T12:12:44","date_gmt":"2021-04-21T11:12:44","guid":{"rendered":"https:\/\/www.sailservice.it\/shop\/?post_type=product&#038;p=5833"},"modified":"2022-03-31T10:52:42","modified_gmt":"2022-03-31T09:52:42","slug":"vang-rigido-5000-l-1150-mm","status":"publish","type":"product","link":"https:\/\/www.sailservice.it\/shop\/prodotto\/vang-rigido-5000-l-1150-mm\/","title":{"rendered":"Vang rigido 5000\/ L: 1150 mm"},"content":{"rendered":"<p>Il <strong>vang rigido &#8220;Rodkiker&#8221;<\/strong> \u00e8 composto da due profili in lega di alluminio di alta qualit\u00e0 per impiego nautico. I tubi sono anodizzati e dotati di guide scorrevoli che assicurano il minimo attrito. Le estremit\u00e0 sono prodotte mediante lavorazioni <strong>CNC<\/strong> (Computer Numerically Controlled) in Alluminio 6061T6 anodizzato, con incavi in corrispondenza dei perni.<\/p>\n<p><em>J<\/em><em>M Rodkick 5000<\/em> \u00e8 tipicamente usato per barche di <strong>25-33 piedi<\/strong> ed \u00e8 semplice da montare. Se il boma \u00e8 gi\u00e0 montato con un paranco,\u00a0 pu\u00f2 essere convertito facilmente per il Rodkick. Viene fornito con molla a gas che d\u00e0 una leggera spinta al boma utile con arie leggere.<\/p>\n","protected":false},"excerpt":{"rendered":"<p><strong>N.B. I bozzelli e la cima sono solo a scopo dimostrativo ma non fanno parte del prodotto che \u00e8 composto dal solo vang.\u00a0<\/strong><\/p>\n<p><em>Disponibilit\u00e0: spedizione in 10 giorni lavorativi.<\/em><\/p>\n","protected":false},"featured_media":5837,"comment_status":"closed","ping_status":"closed","template":"","meta":[],"product_brand":[],"product_cat":[215,216],"product_tag":[],"class_list":{"0":"post-5833","1":"product","2":"type-product","3":"status-publish","4":"has-post-thumbnail","6":"product_cat-vang-rigido-rodkick","7":"product_cat-vang-rigido-rodkick-2","8":"pa_brand-john-mast","10":"first","11":"instock","12":"taxable","13":"shipping-taxable","14":"purchasable","15":"product-type-variable","16":"add-to-wishlist-before_image"},"_links":{"self":[{"href":"https:\/\/www.sailservice.it\/shop\/wp-json\/wp\/v2\/product\/5833","targetHints":{"allow":["GET"]}}],"collection":[{"href":"https:\/\/www.sailservice.it\/shop\/wp-json\/wp\/v2\/product"}],"about":[{"href":"https:\/\/www.sailservice.it\/shop\/wp-json\/wp\/v2\/types\/product"}],"replies":[{"embeddable":true,"href":"https:\/\/www.sailservice.it\/shop\/wp-json\/wp\/v2\/comments?post=5833"}],"wp:featuredmedia":[{"embeddable":true,"href":"https:\/\/www.sailservice.it\/shop\/wp-json\/wp\/v2\/media\/5837"}],"wp:attachment":[{"href":"https:\/\/www.sailservice.it\/shop\/wp-json\/wp\/v2\/media?parent=5833"}],"wp:term":[{"taxonomy":"product_brand","embeddable":true,"href":"https:\/\/www.sailservice.it\/shop\/wp-json\/wp\/v2\/product_brand?post=5833"},{"taxonomy":"product_cat","embeddable":true,"href":"https:\/\/www.sailservice.it\/shop\/wp-json\/wp\/v2\/product_cat?post=5833"},{"taxonomy":"product_tag","embeddable":true,"href":"https:\/\/www.sailservice.it\/shop\/wp-json\/wp\/v2\/product_tag?post=5833"}],"curies":[{"name":"wp","href":"https:\/\/api.w.org\/{rel}","templated":true}]}}