{"id":5969,"date":"2021-05-17T08:00:49","date_gmt":"2021-05-17T07:00:49","guid":{"rendered":"https:\/\/www.sailservice.it\/shop\/?post_type=product&#038;p=5969"},"modified":"2026-01-12T15:41:54","modified_gmt":"2026-01-12T14:41:54","slug":"manovella-antal-winch-ball-grip-l-250-mm","status":"publish","type":"product","link":"https:\/\/www.sailservice.it\/shop\/prodotto\/manovella-antal-winch-ball-grip-l-250-mm\/","title":{"rendered":"Manovella Antal winch ball grip &#8211; L: 250 mm"},"content":{"rendered":"<p>Caratteristiche tecniche:<\/p>\n<ul>\n<li>Lunghezza: 2050 mm<\/li>\n<li>Peso: 0,53 kg<\/li>\n<li>Materiale: Alluminio<\/li>\n<li>Impugnatura: Ball grip<\/li>\n<li>Bloccaggio: Standard lock<\/li>\n<\/ul>\n<p>Il <strong>profilo<\/strong> \u00e8 forgiato in alluminio a caldo con fori di alleggerimento; \u00e8 leggerissimo e resiste alle torsioni pi\u00f9 violente. L&#8217;<strong>impugnatura<\/strong> \u00e8 rivestita in gomma per una presa pi\u00f9 salda e scorre su 2 cuscinetti a sfere che ne aumentano l&#8217;efficienza. La manovella \u00e8 dotata di <strong>fermo<\/strong> per essere bloccata automaticamente sul winch.<\/p>\n","protected":false},"excerpt":{"rendered":"<p>Manovella universale per winch, impugnatura ball-grip, lunga 250 mm.<\/p>\n<p><em>Disponibilit\u00e0: Spedizione in 5 &#8211; 7 giorni lavorativi.\u00a0<\/em><\/p>\n","protected":false},"featured_media":5970,"comment_status":"closed","ping_status":"closed","template":"","meta":[],"product_brand":[],"product_cat":[99,208],"product_tag":[],"class_list":{"0":"post-5969","1":"product","2":"type-product","3":"status-publish","4":"has-post-thumbnail","6":"product_cat-attrezzatura-per-la-vela","7":"product_cat-winch","8":"pa_brand-antal","10":"first","11":"instock","12":"taxable","13":"shipping-taxable","14":"purchasable","15":"product-type-simple","16":"add-to-wishlist-before_image"},"_links":{"self":[{"href":"https:\/\/www.sailservice.it\/shop\/wp-json\/wp\/v2\/product\/5969","targetHints":{"allow":["GET"]}}],"collection":[{"href":"https:\/\/www.sailservice.it\/shop\/wp-json\/wp\/v2\/product"}],"about":[{"href":"https:\/\/www.sailservice.it\/shop\/wp-json\/wp\/v2\/types\/product"}],"replies":[{"embeddable":true,"href":"https:\/\/www.sailservice.it\/shop\/wp-json\/wp\/v2\/comments?post=5969"}],"wp:featuredmedia":[{"embeddable":true,"href":"https:\/\/www.sailservice.it\/shop\/wp-json\/wp\/v2\/media\/5970"}],"wp:attachment":[{"href":"https:\/\/www.sailservice.it\/shop\/wp-json\/wp\/v2\/media?parent=5969"}],"wp:term":[{"taxonomy":"product_brand","embeddable":true,"href":"https:\/\/www.sailservice.it\/shop\/wp-json\/wp\/v2\/product_brand?post=5969"},{"taxonomy":"product_cat","embeddable":true,"href":"https:\/\/www.sailservice.it\/shop\/wp-json\/wp\/v2\/product_cat?post=5969"},{"taxonomy":"product_tag","embeddable":true,"href":"https:\/\/www.sailservice.it\/shop\/wp-json\/wp\/v2\/product_tag?post=5969"}],"curies":[{"name":"wp","href":"https:\/\/api.w.org\/{rel}","templated":true}]}}