{"id":9325,"date":"2023-11-10T10:04:39","date_gmt":"2023-11-10T09:04:39","guid":{"rendered":"https:\/\/www.sailservice.it\/shop\/?post_type=product&#038;p=9325"},"modified":"2026-01-15T14:44:04","modified_gmt":"2026-01-15T13:44:04","slug":"dado-a-sgancio-rapido-jefa","status":"publish","type":"product","link":"https:\/\/www.sailservice.it\/shop\/prodotto\/dado-a-sgancio-rapido-jefa\/","title":{"rendered":"Dado a sgancio rapido Jefa"},"content":{"rendered":"<p>Il dado a sgancio rapido sostituisce quello standard e pu\u00f2 essere azionato con una qualsiasi manovella da winch. In questo modo, la ruota timone pu\u00f2 essere rimossa facilmente dalla colonnina. Il dado a sgancio rapido \u00e8 per esempio molto utile quando la ruota timone ostruisce il passaggio nel pozzetto.<\/p>\n<p>Disponibile in due versioni: una per le <strong>ruote standard<\/strong> (a raggio singolo) e una per le <strong>ruote a doppio raggio<\/strong>.<\/p>\n","protected":false},"excerpt":{"rendered":"<p><em>Disponibilit\u00e0: Spedizione in 5 &#8211; 7 giorni lavorativi.\u00a0<\/em><\/p>\n","protected":false},"featured_media":9299,"comment_status":"open","ping_status":"closed","template":"","meta":[],"product_brand":[],"product_cat":[94,77],"product_tag":[],"class_list":{"0":"post-9325","1":"product","2":"type-product","3":"status-publish","4":"has-post-thumbnail","6":"product_cat-accessori-timoneria","7":"product_cat-sistemi-timoneria","8":"pa_brand-jefa-steering","10":"first","11":"instock","12":"taxable","13":"shipping-taxable","14":"purchasable","15":"product-type-variable","16":"has-default-attributes","17":"add-to-wishlist-before_image"},"_links":{"self":[{"href":"https:\/\/www.sailservice.it\/shop\/wp-json\/wp\/v2\/product\/9325","targetHints":{"allow":["GET"]}}],"collection":[{"href":"https:\/\/www.sailservice.it\/shop\/wp-json\/wp\/v2\/product"}],"about":[{"href":"https:\/\/www.sailservice.it\/shop\/wp-json\/wp\/v2\/types\/product"}],"replies":[{"embeddable":true,"href":"https:\/\/www.sailservice.it\/shop\/wp-json\/wp\/v2\/comments?post=9325"}],"wp:featuredmedia":[{"embeddable":true,"href":"https:\/\/www.sailservice.it\/shop\/wp-json\/wp\/v2\/media\/9299"}],"wp:attachment":[{"href":"https:\/\/www.sailservice.it\/shop\/wp-json\/wp\/v2\/media?parent=9325"}],"wp:term":[{"taxonomy":"product_brand","embeddable":true,"href":"https:\/\/www.sailservice.it\/shop\/wp-json\/wp\/v2\/product_brand?post=9325"},{"taxonomy":"product_cat","embeddable":true,"href":"https:\/\/www.sailservice.it\/shop\/wp-json\/wp\/v2\/product_cat?post=9325"},{"taxonomy":"product_tag","embeddable":true,"href":"https:\/\/www.sailservice.it\/shop\/wp-json\/wp\/v2\/product_tag?post=9325"}],"curies":[{"name":"wp","href":"https:\/\/api.w.org\/{rel}","templated":true}]}}